{"id":3214,"date":"2025-02-25T06:51:15","date_gmt":"2025-02-25T06:51:15","guid":{"rendered":"https:\/\/dexfit.mx\/?page_id=3214"},"modified":"2025-02-25T06:55:10","modified_gmt":"2025-02-25T06:55:10","slug":"aviso-de-privacidad","status":"publish","type":"page","link":"https:\/\/dexfit.mx\/en\/aviso-de-privacidad\/","title":{"rendered":"Aviso de Privacidad"},"content":{"rendered":"<div data-elementor-type=\"wp-page\" data-elementor-id=\"3214\" class=\"elementor elementor-3214\" data-elementor-post-type=\"page\">\n\t\t\t\t<div class=\"elementor-element elementor-element-7590186 e-flex e-con-boxed lakit-col-width-auto-no e-container e-root-container elementor-top-section e-con e-parent\" data-id=\"7590186\" data-element_type=\"container\">\n\t\t\t\t\t<div class=\"e-con-inner\">\n\t\t\t\t<div class=\"elementor-element elementor-element-9fbd0e8 animated-slow elementor-invisible elementor-widget elementor-widget-heading\" data-id=\"9fbd0e8\" data-element_type=\"widget\" data-settings=\"{&quot;_animation&quot;:&quot;fadeInUp&quot;,&quot;_animation_delay&quot;:140}\" data-widget_type=\"heading.default\">\n\t\t\t\t<div class=\"elementor-widget-container\">\n\t\t\t<h1 class=\"elementor-heading-title elementor-size-default\">PRIVACY NOTICE<\/h1>\t\t<\/div>\n\t\t\t\t<\/div>\n\t\t\t\t<div class=\"elementor-element elementor-element-6b05b37 elementor-widget__width-initial animated-slow elementor-invisible elementor-widget elementor-widget-text-editor\" data-id=\"6b05b37\" data-element_type=\"widget\" data-settings=\"{&quot;_animation&quot;:&quot;fadeInUp&quot;,&quot;_animation_delay&quot;:260}\" data-widget_type=\"text-editor.default\">\n\t\t\t\t<div class=\"elementor-widget-container\">\n\t\t\t\t\t\t\t<p><strong>&#8220;QVIC CORPORATION&#8221;, S. DE R.L. DE C.V.<\/strong>, conocido comercialmente como\u00a0<strong>&#8220;QVIC CORPORATION&#8221;<\/strong>, con domicilio en Avenida L\u00f3pez Mateos Sur n\u00famero 4550 interior 6, Colonia Francisco Sarabia, C.P. 45235, en la ciudad de Zapopan, Jalisco, es el responsable del uso y protecci\u00f3n de sus datos personales, y al respecto le informamos lo siguiente:<\/p><p>Los datos personales que recabamos de usted, son necesarios para el servicio que solicita, los utilizaremos con el objetivo de; (i) verificar y confirmar la identidad y el perfil de clientes, proveedores y\/o distribuidores, (ii) Identificarlo y contactarlo, (ii) inscribirlo, darlo de alta en nuestro sistema y administrar su expediente y (iv) dar cumplimiento de nuestras obligaciones y ejercicio de nuestros derechos. Hacemos de su conocimiento que no utilizaremos su informaci\u00f3n personal para finalidades que no son necesarias para el servicio solicitado.<\/p><p>Como objetivos secundarios, utilizaremos su informaci\u00f3n personal para las siguientes finalidades que no son necesarias para el servicio solicitado, pero que nos permiten y facilitan brindarle una mejor atenci\u00f3n: (i) para enviarle informaci\u00f3n relativa a nuestros productos o servicios, (ii) realizar encuestas sobre la calidad de nuestros servicios (iii) conocer y determinar su satisfacci\u00f3n y necesidades como cliente, (iv) formar parte de nuestra imagen publicitaria (v) para hacerle llegar ofertas y promociones sobre nuestros servicios y productos tanto de\u00a0<strong>&#8220;QVIC CORPORATION&#8221;<\/strong>, como de las empresas filiales o subsidiarias.<\/p><p>Si usted no desea que sus datos personales sean tratados para las finalidades secundarias se\u00f1aladas, o alguna de ellas, puede negarnos su consentimiento desde este momento envi\u00e1ndonos su solicitud a nuestro Departamento de Privacidad. Su negativa no ser\u00e1 motivo para dejar de proporcionarle nuestros servicios y realizar las dem\u00e1s finalidades.<\/p><p>Para llevar a cabo las finalidades descritas en el presente Aviso de Privacidad, utilizaremos los siguientes datos personales; (i) datos de identificaci\u00f3n, (ii) datos de contacto, (iii) datos patrimoniales o financieros. Asimismo, hacemos de su conocimiento que para las finalidades informadas no utilizaremos datos personales considerados como sensibles.<\/p><p>Le informamos que\u00a0<strong>&#8220;QVIC CORPORATION&#8221;, S. DE R.L. DE C.V.<\/strong>, como parte de las operaciones propias del negocio y a fin de cumplir con las finalidades descritas, podr\u00e1 transferir sus datos personales a las siguientes entidades, sin que legalmente se requiera que nos otorgue su consentimiento: (i) Servicio de Administraci\u00f3n Tributaria, para cumplir con la normatividad fiscal, (ii) Autoridades a las que debamos comunicar su informaci\u00f3n personal en virtud de una ley, con la finalidad de cumplir con la normatividad correspondiente (iii) Autoridades, con la finalidad de realizar las diligencias correspondientes en caso de alg\u00fan incidente de seguridad, (iv) Empresas aseguradoras, para contar con seguros en caso de accidentes, (v) Empresas de nuestro mismo grupo, las cuales operan bajo las mismas pol\u00edticas y procesos internos en materia de protecci\u00f3n de datos personales, con la finalidad de brindarle un mejor servicio, (vi) Empresas con las que tengamos un contrato celebrado o por celebrar, para otorgarle beneficios, (vii) Los casos contemplados en el art\u00edculo 37 de la Ley Federal de Protecci\u00f3n de Datos Personales en Posesi\u00f3n de los Particulares.<\/p><p>Usted tiene derecho a conocer qu\u00e9 datos personales tenemos de usted, para qu\u00e9 los utilizamos y las condiciones del uso que les damos (Acceso). Asimismo, es su derecho solicitar la correcci\u00f3n de su informaci\u00f3n personal en caso de que est\u00e9 desactualizada, sea inexacta o incompleta (Rectificaci\u00f3n); que la eliminemos de nuestros registros o bases de datos cuando considere que la misma no est\u00e1 siendo utilizada conforme a los principios, deberes y obligaciones previstas en la normativa (Cancelaci\u00f3n); as\u00ed como oponerse al uso de sus datos personales para fines espec\u00edficos (Oposici\u00f3n). Estos derechos se conocen como derechos ARCO.<\/p>\t\t\t\t\t\t<\/div>\n\t\t\t\t<\/div>\n\t\t\t\t<div class=\"elementor-element elementor-element-010ed66 animated-slow elementor-align-center elementor-invisible elementor-widget elementor-widget-button\" data-id=\"010ed66\" data-element_type=\"widget\" data-settings=\"{&quot;_animation&quot;:&quot;zoomInUp&quot;,&quot;_animation_delay&quot;:350}\" data-widget_type=\"button.default\">\n\t\t\t\t<div class=\"elementor-widget-container\">\n\t\t\t\t\t<div class=\"elementor-button-wrapper\">\n\t\t\t<a class=\"elementor-button elementor-button-link elementor-size-sm\" href=\"https:\/\/docs.google.com\/viewer?url=https%3A%2F%2Fauben.mx%2Fdocs%2FSolicitud-para-el-Ejercicio-de-los-Derechos-Arco-QVIC.docx\" target=\"_blank\">\n\t\t\t\t\t\t<span class=\"elementor-button-content-wrapper\">\n\t\t\t\t\t\t\t\t\t<span class=\"elementor-button-text\">DESCARGAR FICHA <img decoding=\"async\" src=\"https:\/\/dexfit.mx\/wp-content\/uploads\/2025\/02\/btnicon-blanco.png\"><\/span>\n\t\t\t\t\t<\/span>\n\t\t\t\t\t<\/a>\n\t\t<\/div>\n\t\t\t\t<\/div>\n\t\t\t\t<\/div>\n\t\t\t\t<div class=\"elementor-element elementor-element-8946733 elementor-widget__width-initial animated-slow elementor-invisible elementor-widget elementor-widget-text-editor\" data-id=\"8946733\" data-element_type=\"widget\" data-settings=\"{&quot;_animation&quot;:&quot;fadeInUp&quot;,&quot;_animation_delay&quot;:260}\" data-widget_type=\"text-editor.default\">\n\t\t\t\t<div class=\"elementor-widget-container\">\n\t\t\t\t\t\t\t<p>Para el ejercicio de cualquiera de los derechos ARCO, para conocer el procedimiento y requisitos de dicho ejercicio, usted deber\u00e1 presentar la solicitud respectiva, poni\u00e9ndose en contacto con nuestro Departamento de Privacidad que dar\u00e1 tr\u00e1mite a las solicitudes para el ejercicio de estos derechos, y atender\u00e1 cualquier duda que pudiera tener respecto al tratamiento de su informaci\u00f3n.<\/p><p>Los datos de contacto de nuestro Departamento de Privacidad son los siguientes: Av. L\u00f3pez Mateos Sur n\u00famero exterior 4550 Int. 6, Colonia Francisco Sarabia, C.P.45236, en la ciudad de Zapopan, Jalisco, o a cualquiera de los siguientes n\u00fameros telef\u00f3nicos; (33) 36-31-66-86, (33) 11-88-52-85, (33) 18-15-14-16 o al gratuito 01 800 839 20 50 y correo electr\u00f3nico\u00a0juridico@qvic.mx.<\/p><p>Usted puede revocar el consentimiento que, en su caso, nos haya otorgado para el tratamiento de sus datos personales. Sin embargo, es importante que tenga en cuenta que no en todos los casos podremos atender su solicitud o concluir el uso de forma inmediata, ya que es posible que por alguna obligaci\u00f3n legal requiramos seguir tratando sus datos personales. Asimismo, usted deber\u00e1 considerar que para ciertos fines, la revocaci\u00f3n de su consentimiento implicar\u00e1 que no le podamos seguir prestando el servicio que nos solicit\u00f3, o la conclusi\u00f3n de su relaci\u00f3n con nosotros. Por lo anterior, para revocar su consentimiento, conocer el procedimiento y requisitos para esto, deber\u00e1 presentar la solicitud correspondiente y ponerse en contacto con nuestro Departamento de Privacidad.<\/p><p>Con objeto de que usted pueda limitar el uso y divulgaci\u00f3n de su informaci\u00f3n personal, le ofrecemos los siguientes medios: Su inscripci\u00f3n en el Registro P\u00fablico para Evitar Publicidad, que est\u00e1 a cargo de la Procuradur\u00eda Federal del Consumidor, con la finalidad de que sus datos personales no sean utilizados para recibir publicidad o promociones de empresas de bienes o servicios. Para mayor informaci\u00f3n sobre este registro, usted puede consultar el portal de Internet de la PROFECO, o bien ponerse en contacto directo con \u00e9sta.<\/p><p>Le informamos que es posible que en nuestra p\u00e1gina de Internet utilicemos cookies, web beacons y otras tecnolog\u00edas a trav\u00e9s de las cuales es posible monitorear su comportamiento como usuario de Internet, as\u00ed como brindarle un mejor servicio y experiencia de usuario al navegar en nuestra p\u00e1gina. Los datos personales que en su caso podr\u00edamos obtener de estas tecnolog\u00edas de rastreo son los siguientes: (i) datos de identificaci\u00f3n, (ii) datos de contacto, (iii) datos patrimoniales o financieros. Asimismo, en el caso de que el cliente opte por pagar los servicios que le presta\u00a0<strong>&#8220;QVIC CORPORATION&#8221;<\/strong>\u00a0a trav\u00e9s de cargos recurrentes o pagos domiciliados, se recopilar\u00e1 la informaci\u00f3n referente a su cuenta bancaria, tarjeta de cr\u00e9dito o tarjeta de d\u00e9bito y\/o datos personales datos de salud considerados como sensibles, que ser\u00e1n especialmente protegidos.<\/p><p>El presente Aviso de Privacidad puede sufrir modificaciones, cambios o actualizaciones derivadas de nuevos requerimientos legales; de nuestras propias necesidades por los productos o servicios que ofrecemos; de nuestras pr\u00e1cticas de privacidad; de cambios en nuestro modelo de negocio, o por otras causas, por lo que nos comprometemos a mantenerlo informado sobre los cambios que pueda sufrir el presente Aviso de Privacidad, notific\u00e1ndole a trav\u00e9s de nuestro portal de internet.<\/p><p>Fecha de \u00faltima actualizaci\u00f3n: 19 de marzo de 2019.<\/p>\t\t\t\t\t\t<\/div>\n\t\t\t\t<\/div>\n\t\t\t\t\t<\/div>\n\t\t\t\t<\/div>\n\t\t\t\t<\/div>","protected":false},"excerpt":{"rendered":"<p>AVISO DE PRIVACIDAD &#8220;QVIC CORPORATION&#8221;, S. DE R.L. DE C.V., conocido comercialmente como\u00a0&#8220;QVIC CORPORATION&#8221;, con domicilio en Avenida L\u00f3pez Mateos Sur n\u00famero 4550 interior 6, Colonia Francisco Sarabia, C.P. 45235, en la ciudad de Zapopan, Jalisco, es el responsable del uso y protecci\u00f3n de sus datos personales, y al respecto le informamos lo siguiente: Los [&hellip;]<\/p>","protected":false},"author":1,"featured_media":0,"parent":0,"menu_order":0,"comment_status":"closed","ping_status":"open","template":"elementor_header_footer","meta":{"footnotes":""},"class_list":["post-3214","page","type-page","status-publish","hentry"],"_links":{"self":[{"href":"https:\/\/dexfit.mx\/en\/wp-json\/wp\/v2\/pages\/3214","targetHints":{"allow":["GET"]}}],"collection":[{"href":"https:\/\/dexfit.mx\/en\/wp-json\/wp\/v2\/pages"}],"about":[{"href":"https:\/\/dexfit.mx\/en\/wp-json\/wp\/v2\/types\/page"}],"author":[{"embeddable":true,"href":"https:\/\/dexfit.mx\/en\/wp-json\/wp\/v2\/users\/1"}],"replies":[{"embeddable":true,"href":"https:\/\/dexfit.mx\/en\/wp-json\/wp\/v2\/comments?post=3214"}],"version-history":[{"count":4,"href":"https:\/\/dexfit.mx\/en\/wp-json\/wp\/v2\/pages\/3214\/revisions"}],"predecessor-version":[{"id":3218,"href":"https:\/\/dexfit.mx\/en\/wp-json\/wp\/v2\/pages\/3214\/revisions\/3218"}],"wp:attachment":[{"href":"https:\/\/dexfit.mx\/en\/wp-json\/wp\/v2\/media?parent=3214"}],"curies":[{"name":"wp","href":"https:\/\/api.w.org\/{rel}","templated":true}]}}